{"id":2571,"date":"2022-02-15T10:36:42","date_gmt":"2022-02-15T09:36:42","guid":{"rendered":"https:\/\/www.armonie.group\/kontakt\/"},"modified":"2025-12-17T16:09:51","modified_gmt":"2025-12-17T15:09:51","slug":"kontakt","status":"publish","type":"page","link":"https:\/\/www.armonie.group\/de\/kontakt\/","title":{"rendered":"Kontakt"},"content":{"rendered":"<p>[et_pb_section fb_built=&#8220;1&#8243; admin_label=&#8220;Header&#8220; _builder_version=&#8220;4.16&#8243; background_color=&#8220;#01013a&#8220; global_colors_info=&#8220;{}&#8220;][et_pb_row _builder_version=&#8220;4.16&#8243; locked=&#8220;off&#8220; global_colors_info=&#8220;{}&#8220;][et_pb_column type=&#8220;4_4&#8243; _builder_version=&#8220;4.16&#8243; custom_padding=&#8220;|||&#8220; global_colors_info=&#8220;{}&#8220; parallax__hover=&#8220;off&#8220; parallax_method__hover=&#8220;on&#8220; custom_padding__hover=&#8220;|||&#8220;][et_pb_divider color=&#8220;#1ca5ff&#8220; divider_weight=&#8220;16px&#8220; _builder_version=&#8220;4.16&#8243; max_width=&#8220;48px&#8220; locked=&#8220;off&#8220; global_colors_info=&#8220;{}&#8220;][\/et_pb_divider][et_pb_text _builder_version=&#8220;4.27.5&#8243; text_font=&#8220;||||||||&#8220; text_line_height=&#8220;2em&#8220; header_font=&#8220;Poppins|600|||||||&#8220; header_font_size=&#8220;50px&#8220; header_line_height=&#8220;1.3em&#8220; hover_enabled=&#8220;0&#8243; header_font_size_tablet=&#8220;30px&#8220; header_font_size_phone=&#8220;24px&#8220; header_font_size_last_edited=&#8220;on|desktop&#8220; global_colors_info=&#8220;{}&#8220; sticky_enabled=&#8220;0&#8243;]<\/p>\n<h1>Ihre Anwendungen laufen auf IBMi &#8211; AS\/400?<\/h1>\n<h2>Haben Sie einen Bedarf an Wartung, Renovierung oder Modernisierung?<\/h2>\n<h3>Wir h\u00f6ren Ihnen zu.<\/h3>\n<p>[\/et_pb_text][\/et_pb_column][\/et_pb_row][\/et_pb_section][et_pb_section fb_built=&#8220;1&#8243; specialty=&#8220;on&#8220; admin_label=&#8220;Contact Info&#8220; _builder_version=&#8220;4.16&#8243; background_color=&#8220;#01013a&#8220; custom_padding=&#8220;0|0px|54px|0px|false|false&#8220; global_colors_info=&#8220;{}&#8220;][et_pb_column type=&#8220;1_4&#8243; _builder_version=&#8220;4.16&#8243; custom_padding=&#8220;|||&#8220; global_colors_info=&#8220;{}&#8220; parallax__hover=&#8220;off&#8220; parallax_method__hover=&#8220;on&#8220; custom_padding__hover=&#8220;|||&#8220;][et_pb_text _builder_version=&#8220;4.27.4&#8243; text_font=&#8220;Montserrat||||||||&#8220; text_font_size=&#8220;12px&#8220; text_line_height=&#8220;2em&#8220; header_font=&#8220;||||||||&#8220; header_3_font=&#8220;Poppins|600|||||||&#8220; header_3_font_size=&#8220;12px&#8220; header_3_letter_spacing=&#8220;1px&#8220; header_3_line_height=&#8220;1.6em&#8220; locked=&#8220;off&#8220; global_colors_info=&#8220;{}&#8220;]<\/p>\n<h3>ARMONIE GROUP<\/h3>\n<p>31\/35 Rue Froidevaux<br \/>\n75014  <strong>PARIS<\/strong><\/p>\n<p><strong>Tel. : 01 88 32 12 34<\/strong><\/p>\n<p><span><\/span><\/p>\n<p><span>895 rue de la vieille poste<\/span><br \/>\n<span>34000 <strong>MONTPELLIER<\/strong><\/span><\/p>\n<p><strong>Tel. : 04 30 96 97 32<\/strong><\/p>\n<p>contact[a]armonie.group[\/et_pb_text][et_pb_text _builder_version=&#8220;4.27.4&#8243; text_font=&#8220;Montserrat||||||||&#8220; text_text_color=&#8220;#0DBDE0&#8243; text_font_size=&#8220;12px&#8220; text_line_height=&#8220;2em&#8220; header_font=&#8220;||||||||&#8220; header_3_font=&#8220;Poppins|600|||||||&#8220; header_3_text_color=&#8220;#0DBDE0&#8243; header_3_font_size=&#8220;12px&#8220; header_3_letter_spacing=&#8220;1px&#8220; header_3_line_height=&#8220;1.6em&#8220; locked=&#8220;off&#8220; global_colors_info=&#8220;{}&#8220;]<\/p>\n<h3>EINSTELLUNG<\/h3>\n<p>Wir sind immer auf der Suche nach jungen Talenten f\u00fcr freie Stellen oder f\u00fcr die Aufnahme in unsere Akademie (mit einer Anstellung!).<\/p>\n<p>Senden Sie uns Ihren Lebenslauf Rekrutierung [a]armonie.group und Ihre Anfrage und wir werden uns so schnell wie m\u00f6glich mit Ihnen in Verbindung setzen![\/et_pb_text][\/et_pb_column][et_pb_column type=&#8220;3_4&#8243; specialty_columns=&#8220;3&#8243; _builder_version=&#8220;4.16&#8243; custom_padding=&#8220;|||&#8220; global_colors_info=&#8220;{}&#8220; parallax__hover=&#8220;off&#8220; parallax_method__hover=&#8220;on&#8220; custom_padding__hover=&#8220;|||&#8220;][et_pb_row_inner _builder_version=&#8220;4.27.5&#8243; custom_padding=&#8220;40px|40px|40px|40px|true|true&#8220; border_radii=&#8220;on|8px|8px|8px|8px&#8220; box_shadow_style=&#8220;preset1&#8243; box_shadow_vertical=&#8220;10px&#8220; box_shadow_blur=&#8220;60px&#8220; box_shadow_color=&#8220;rgba(39,39,52,0.06)&#8220; global_colors_info=&#8220;{}&#8220;][et_pb_column_inner saved_specialty_column_type=&#8220;3_4&#8243; _builder_version=&#8220;4.16&#8243; custom_padding=&#8220;|||&#8220; global_colors_info=&#8220;{}&#8220; parallax__hover=&#8220;off&#8220; parallax_method__hover=&#8220;on&#8220; custom_padding__hover=&#8220;|||&#8220;][et_pb_contact_form email=&#8220;smolle@armonie.group&#8220; success_message=&#8220;Ihre Nachricht wurde erfolgreich gesendet&#8220; submit_button_text=&#8220;Kontaktieren Sie uns&#8220; _builder_version=&#8220;4.27.5&#8243; _unique_id=&#8220;7f9934b7-cc76-4266-b111-6e9c7861e370&#8243; form_field_background_color=&#8220;#fafdff&#8220; form_field_custom_margin=&#8220;||10px||false|false&#8220; form_field_font=&#8220;Poppins|500|||||||&#8220; form_field_font_size=&#8220;12px&#8220; form_field_line_height=&#8220;2.2em&#8220; custom_button=&#8220;on&#8220; button_text_size=&#8220;12px&#8220; button_text_color=&#8220;#ffffff&#8220; button_bg_color=&#8220;#8300E9&#8243; button_border_width=&#8220;10px&#8220; button_border_color=&#8220;rgba(0,0,0,0)&#8220; button_border_radius=&#8220;100px&#8220; button_letter_spacing=&#8220;1px&#8220; button_font=&#8220;Poppins|600||on|||||&#8220; button_icon=&#8220;&#xe046;||divi||400&#8243; button_on_hover=&#8220;off&#8220; button_custom_margin=&#8220;50px||||false|false&#8220; border_width_all=&#8220;1px&#8220; border_color_all=&#8220;#e8f0f5&#8243; box_shadow_style_button=&#8220;preset3&#8243; box_shadow_vertical_button=&#8220;30px&#8220; box_shadow_blur_button=&#8220;40px&#8220; box_shadow_spread_button=&#8220;-16px&#8220; box_shadow_color_button=&#8220;rgba(28,165,255,0.24)&#8220; form_background_color=&#8220;#fafdff&#8220; global_colors_info=&#8220;{}&#8220;][et_pb_contact_field field_id=&#8220;Name&#8220; field_title=&#8220;Name*.&#8220; _builder_version=&#8220;4.16&#8243; global_colors_info=&#8220;{}&#8220; button_text_size__hover_enabled=&#8220;off&#8220; button_one_text_size__hover_enabled=&#8220;off&#8220; button_two_text_size__hover_enabled=&#8220;off&#8220; button_text_color__hover_enabled=&#8220;off&#8220; button_one_text_color__hover_enabled=&#8220;off&#8220; button_two_text_color__hover_enabled=&#8220;off&#8220; button_border_width__hover_enabled=&#8220;off&#8220; button_one_border_width__hover_enabled=&#8220;off&#8220; button_two_border_width__hover_enabled=&#8220;off&#8220; button_border_color__hover_enabled=&#8220;off&#8220; button_one_border_color__hover_enabled=&#8220;off&#8220; button_two_border_color__hover_enabled=&#8220;off&#8220; button_border_radius__hover_enabled=&#8220;off&#8220; button_one_border_radius__hover_enabled=&#8220;off&#8220; button_two_border_radius__hover_enabled=&#8220;off&#8220; button_letter_spacing__hover_enabled=&#8220;off&#8220; button_one_letter_spacing__hover_enabled=&#8220;off&#8220; button_two_letter_spacing__hover_enabled=&#8220;off&#8220; button_bg_color__hover_enabled=&#8220;off&#8220; button_one_bg_color__hover_enabled=&#8220;off&#8220; button_two_bg_color__hover_enabled=&#8220;off&#8220;][\/et_pb_contact_field][et_pb_contact_field field_id=&#8220;Email&#8220; field_title=&#8220;E-Mail Adresse*.&#8220; field_type=&#8220;email&#8220; _builder_version=&#8220;4.16&#8243; global_colors_info=&#8220;{}&#8220; button_text_size__hover_enabled=&#8220;off&#8220; button_one_text_size__hover_enabled=&#8220;off&#8220; button_two_text_size__hover_enabled=&#8220;off&#8220; button_text_color__hover_enabled=&#8220;off&#8220; button_one_text_color__hover_enabled=&#8220;off&#8220; button_two_text_color__hover_enabled=&#8220;off&#8220; button_border_width__hover_enabled=&#8220;off&#8220; button_one_border_width__hover_enabled=&#8220;off&#8220; button_two_border_width__hover_enabled=&#8220;off&#8220; button_border_color__hover_enabled=&#8220;off&#8220; button_one_border_color__hover_enabled=&#8220;off&#8220; button_two_border_color__hover_enabled=&#8220;off&#8220; button_border_radius__hover_enabled=&#8220;off&#8220; button_one_border_radius__hover_enabled=&#8220;off&#8220; button_two_border_radius__hover_enabled=&#8220;off&#8220; button_letter_spacing__hover_enabled=&#8220;off&#8220; button_one_letter_spacing__hover_enabled=&#8220;off&#8220; button_two_letter_spacing__hover_enabled=&#8220;off&#8220; button_bg_color__hover_enabled=&#8220;off&#8220; button_one_bg_color__hover_enabled=&#8220;off&#8220; button_two_bg_color__hover_enabled=&#8220;off&#8220;][\/et_pb_contact_field][et_pb_contact_field field_id=&#8220;Field_4&#8243; field_title=&#8220;Unternehmen*&#8220; fullwidth_field=&#8220;on&#8220; _builder_version=&#8220;4.16&#8243; _module_preset=&#8220;default&#8220; global_colors_info=&#8220;{}&#8220;][\/et_pb_contact_field][et_pb_contact_field field_id=&#8220;Message&#8220; field_title=&#8220;Nachricht&#8220; field_type=&#8220;text&#8220; fullwidth_field=&#8220;on&#8220; _builder_version=&#8220;4.16&#8243; global_colors_info=&#8220;{}&#8220; button_text_size__hover_enabled=&#8220;off&#8220; button_one_text_size__hover_enabled=&#8220;off&#8220; button_two_text_size__hover_enabled=&#8220;off&#8220; button_text_color__hover_enabled=&#8220;off&#8220; button_one_text_color__hover_enabled=&#8220;off&#8220; button_two_text_color__hover_enabled=&#8220;off&#8220; button_border_width__hover_enabled=&#8220;off&#8220; button_one_border_width__hover_enabled=&#8220;off&#8220; button_two_border_width__hover_enabled=&#8220;off&#8220; button_border_color__hover_enabled=&#8220;off&#8220; button_one_border_color__hover_enabled=&#8220;off&#8220; button_two_border_color__hover_enabled=&#8220;off&#8220; button_border_radius__hover_enabled=&#8220;off&#8220; button_one_border_radius__hover_enabled=&#8220;off&#8220; button_two_border_radius__hover_enabled=&#8220;off&#8220; button_letter_spacing__hover_enabled=&#8220;off&#8220; button_one_letter_spacing__hover_enabled=&#8220;off&#8220; button_two_letter_spacing__hover_enabled=&#8220;off&#8220; button_bg_color__hover_enabled=&#8220;off&#8220; button_one_bg_color__hover_enabled=&#8220;off&#8220; button_two_bg_color__hover_enabled=&#8220;off&#8220;][\/et_pb_contact_field][et_pb_contact_field field_id=&#8220;RGPD&#8220; field_title=&#8220;Informierte Zustimmung :&#8220; field_type=&#8220;checkbox&#8220; checkbox_options=&#8220;%91{%22value%22:%22Indem ich dieses K\u00e4stchen ankreuze, stimme ich zu, dass ich von den Armonie-Teams gem\u00e4\u00df der DSGVO und der Datenschutzrichtlinie kontaktiert werde.%22,%22checked%22:0,%22dragID%22:-1,%22link_url%22:%22http:%92\/%92\/jsbteat.cluster030.hosting.ovh.net%92\/politique-de-confidentialite%22}%93&#8243; fullwidth_field=&#8220;on&#8220; _builder_version=&#8220;4.16&#8243; _dynamic_attributes=&#8220;link_option_url&#8220; _module_preset=&#8220;default&#8220; link_option_url=&#8220;@ET-DC@eyJkeW5hbWljIjp0cnVlLCJjb250ZW50IjoicG9zdF9saW5rX3VybF9wYWdlIiwic2V0dGluZ3MiOnsicG9zdF9pZCI6IjMiLCJlbmFibGVfaHRtbCI6Im9mZiJ9fQ==@&#8220; global_colors_info=&#8220;{}&#8220;][\/et_pb_contact_field][\/et_pb_contact_form][\/et_pb_column_inner][\/et_pb_row_inner][\/et_pb_column][\/et_pb_section][et_pb_section fb_built=&#8220;1&#8243; disabled_on=&#8220;on|on|on&#8220; admin_label=&#8220;Header&#8220; module_id=&#8220;beitreten&#8220; _builder_version=&#8220;4.27.2&#8243; background_color=&#8220;#0DBDE0&#8243; disabled=&#8220;on&#8220; global_colors_info=&#8220;{}&#8220;][et_pb_row _builder_version=&#8220;4.16&#8243; locked=&#8220;off&#8220; global_colors_info=&#8220;{}&#8220;][et_pb_column type=&#8220;4_4&#8243; _builder_version=&#8220;4.16&#8243; custom_padding=&#8220;|||&#8220; global_colors_info=&#8220;{}&#8220; parallax__hover=&#8220;off&#8220; parallax_method__hover=&#8220;on&#8220; custom_padding__hover=&#8220;|||&#8220;][et_pb_divider color=&#8220;#1ca5ff&#8220; divider_weight=&#8220;16px&#8220; _builder_version=&#8220;4.16&#8243; max_width=&#8220;48px&#8220; locked=&#8220;off&#8220; global_colors_info=&#8220;{}&#8220;][\/et_pb_divider][et_pb_text _builder_version=&#8220;4.16&#8243; text_font=&#8220;||||||||&#8220; text_line_height=&#8220;2em&#8220; header_font=&#8220;Poppins|600|||||||&#8220; header_font_size=&#8220;50px&#8220; header_line_height=&#8220;1.3em&#8220; header_font_size_tablet=&#8220;30px&#8220; header_font_size_phone=&#8220;24px&#8220; header_font_size_last_edited=&#8220;on|desktop&#8220; global_colors_info=&#8220;{}&#8220;]<\/p>\n<h1>M\u00f6chten Sie sich uns anschlie\u00dfen?<\/h1>\n<p>[\/et_pb_text][\/et_pb_column][\/et_pb_row][et_pb_row _builder_version=&#8220;4.16&#8243; custom_padding=&#8220;40px|40px|40px|40px|true|true&#8220; border_radii=&#8220;on|8px|8px|8px|8px&#8220; box_shadow_style=&#8220;preset1&#8243; box_shadow_vertical=&#8220;10px&#8220; box_shadow_blur=&#8220;60px&#8220; box_shadow_color=&#8220;rgba(39,39,52,0.06)&#8220; global_colors_info=&#8220;{}&#8220;][et_pb_column type=&#8220;4_4&#8243; _builder_version=&#8220;4.16&#8243; custom_padding=&#8220;|||&#8220; global_colors_info=&#8220;{}&#8220; parallax__hover=&#8220;off&#8220; parallax_method__hover=&#8220;on&#8220; custom_padding__hover=&#8220;|||&#8220;][et_pb_code _builder_version=&#8220;4.24.0&#8243; _module_preset=&#8220;default&#8220; global_colors_info=&#8220;{}&#8220;]\n<div class=\"wpcf7 no-js\" id=\"wpcf7-f1007-o1\" lang=\"en-US\" dir=\"ltr\" data-wpcf7-id=\"1007\">\n<div class=\"screen-reader-response\"><p role=\"status\" aria-live=\"polite\" aria-atomic=\"true\"><\/p> <ul><\/ul><\/div>\n<form action=\"\/de\/wp-json\/wp\/v2\/pages\/2571#wpcf7-f1007-o1\" method=\"post\" class=\"wpcf7-form init\" aria-label=\"Contact form\" enctype=\"multipart\/form-data\" novalidate=\"novalidate\" data-status=\"init\">\n<fieldset class=\"hidden-fields-container\"><input type=\"hidden\" name=\"_wpcf7\" value=\"1007\" \/><input type=\"hidden\" name=\"_wpcf7_version\" value=\"6.1.5\" \/><input type=\"hidden\" name=\"_wpcf7_locale\" value=\"en_US\" \/><input type=\"hidden\" name=\"_wpcf7_unit_tag\" value=\"wpcf7-f1007-o1\" \/><input type=\"hidden\" name=\"_wpcf7_container_post\" value=\"0\" \/><input type=\"hidden\" name=\"_wpcf7_posted_data_hash\" value=\"\" \/>\n<\/fieldset>\n<p><label> Nom<br \/>\n<span class=\"wpcf7-form-control-wrap\" data-name=\"your-name\"><input size=\"40\" maxlength=\"400\" class=\"wpcf7-form-control wpcf7-text wpcf7-validates-as-required\" autocomplete=\"name\" aria-required=\"true\" aria-invalid=\"false\" value=\"\" type=\"text\" name=\"your-name\" \/><\/span> <\/label>\n<\/p>\n<p><label> Email<br \/>\n<span class=\"wpcf7-form-control-wrap\" data-name=\"your-email\"><input size=\"40\" maxlength=\"400\" class=\"wpcf7-form-control wpcf7-email wpcf7-validates-as-required wpcf7-text wpcf7-validates-as-email\" autocomplete=\"email\" aria-required=\"true\" aria-invalid=\"false\" value=\"\" type=\"email\" name=\"your-email\" \/><\/span> <\/label>\n<\/p>\n<p><label> Votre projet (poste...) (optionnel)<br \/>\n<span class=\"wpcf7-form-control-wrap\" data-name=\"your-message\"><textarea cols=\"40\" rows=\"10\" maxlength=\"2000\" class=\"wpcf7-form-control wpcf7-textarea wpcf7-validates-as-required\" aria-required=\"true\" aria-invalid=\"false\" name=\"your-message\"><\/textarea><\/span> <\/label>\n<\/p>\n<p><label> Lieu<br \/>\n<span class=\"wpcf7-form-control-wrap\" data-name=\"radio-821\"><span class=\"wpcf7-form-control wpcf7-radio\"><span class=\"wpcf7-list-item first\"><label><input type=\"radio\" name=\"radio-821\" value=\"Paris \/ r\u00e9gion Parisienne\" checked=\"checked\" \/><span class=\"wpcf7-list-item-label\">Paris \/ r\u00e9gion Parisienne<\/span><\/label><\/span><span class=\"wpcf7-list-item\"><label><input type=\"radio\" name=\"radio-821\" value=\"Montpellier\" \/><span class=\"wpcf7-list-item-label\">Montpellier<\/span><\/label><\/span><span class=\"wpcf7-list-item last\"><label><input type=\"radio\" name=\"radio-821\" value=\"France\" \/><span class=\"wpcf7-list-item-label\">France<\/span><\/label><\/span><\/span><\/span><\/label>\n<\/p>\n<p><label> T\u00e9l\u00e9chargez votre CV au format PDF (Acrobat) ou DOCX (Word)<br \/>\n<span class=\"wpcf7-form-control-wrap\" data-name=\"file-cv\"><input size=\"40\" class=\"wpcf7-form-control wpcf7-file wpcf7-validates-as-required\" accept=\".pdf,.docx\" aria-required=\"true\" aria-invalid=\"false\" type=\"file\" name=\"file-cv\" \/><\/span><\/label>\n<\/p>\n<p><label> RGPD :<br \/>\n<span class=\"wpcf7-form-control-wrap\" data-name=\"checkbox-262\"><span class=\"wpcf7-form-control wpcf7-checkbox wpcf7-validates-as-required\"><span class=\"wpcf7-list-item first last\"><label><input type=\"checkbox\" name=\"checkbox-262[]\" value=\"conform\u00e9ment au RGPD, j&#039;accepte d&#039;\u00eatre contact\u00e9(e) par les \u00e9quipes d&#039;Armonie\" \/><span class=\"wpcf7-list-item-label\">conform\u00e9ment au RGPD, j&#039;accepte d&#039;\u00eatre contact\u00e9(e) par les \u00e9quipes d&#039;Armonie<\/span><\/label><\/span><\/span><\/span><\/label>\n<\/p>\n<p><input class=\"wpcf7-form-control wpcf7-submit has-spinner\" type=\"submit\" value=\"Envoyer\" \/>\n<\/p><div class=\"wpcf7-response-output\" aria-hidden=\"true\"><\/div>\n<\/form>\n<\/div>\n[\/et_pb_code][\/et_pb_column][\/et_pb_row][\/et_pb_section]<\/p>\n","protected":false},"excerpt":{"rendered":"<p>Ihre Anwendungen laufen auf IBMi &#8211; AS\/400? Haben Sie einen Bedarf an Wartung, Renovierung oder Modernisierung? Wir h\u00f6ren Ihnen zu.ARMONIE GROUP 31\/35 Rue Froidevaux 75014 PARIS Tel. : 01 88 32 12 34 895 rue de la vieille poste 34000 MONTPELLIER Tel. : 04 30 96 97 32 contact[a]armonie.groupEINSTELLUNG Wir sind immer auf der Suche [&hellip;]<\/p>\n","protected":false},"author":2,"featured_media":0,"parent":0,"menu_order":0,"comment_status":"closed","ping_status":"closed","template":"","meta":{"_seopress_robots_primary_cat":"","_seopress_titles_title":"","_seopress_titles_desc":"Armonie, Ihr Partner f\u00fcr die Wartung (TMA, TME), Renovierung und Modernisierung Ihrer IBM i - AS400. Entsendung von IBM i-Spezialisten. ","_seopress_robots_index":"","_et_pb_use_builder":"on","_et_pb_old_content":"","_et_gb_content_width":"","footnotes":""},"class_list":["post-2571","page","type-page","status-publish","hentry"],"_links":{"self":[{"href":"https:\/\/www.armonie.group\/de\/wp-json\/wp\/v2\/pages\/2571","targetHints":{"allow":["GET"]}}],"collection":[{"href":"https:\/\/www.armonie.group\/de\/wp-json\/wp\/v2\/pages"}],"about":[{"href":"https:\/\/www.armonie.group\/de\/wp-json\/wp\/v2\/types\/page"}],"author":[{"embeddable":true,"href":"https:\/\/www.armonie.group\/de\/wp-json\/wp\/v2\/users\/2"}],"replies":[{"embeddable":true,"href":"https:\/\/www.armonie.group\/de\/wp-json\/wp\/v2\/comments?post=2571"}],"version-history":[{"count":33,"href":"https:\/\/www.armonie.group\/de\/wp-json\/wp\/v2\/pages\/2571\/revisions"}],"predecessor-version":[{"id":4953,"href":"https:\/\/www.armonie.group\/de\/wp-json\/wp\/v2\/pages\/2571\/revisions\/4953"}],"wp:attachment":[{"href":"https:\/\/www.armonie.group\/de\/wp-json\/wp\/v2\/media?parent=2571"}],"curies":[{"name":"wp","href":"https:\/\/api.w.org\/{rel}","templated":true}]}}