{"id":2029,"date":"2022-02-14T10:42:40","date_gmt":"2022-02-14T09:42:40","guid":{"rendered":"https:\/\/www.armonie.group\/informazioni-legali\/"},"modified":"2023-10-03T10:32:31","modified_gmt":"2023-10-03T08:32:31","slug":"informazioni-legali","status":"publish","type":"page","link":"https:\/\/www.armonie.group\/it\/informazioni-legali\/","title":{"rendered":"Informazioni legali"},"content":{"rendered":"<p>[et_pb_section fb_built=&#8221;1&#8243; admin_label=&#8221;Header&#8221; _builder_version=&#8221;4.14.8&#8243; background_color=&#8221;RGBA(255,255,255,0)&#8221; custom_width_px__hover=&#8221;1080px&#8221; custom_width_px__hover_enabled=&#8221;1080px&#8221; custom_width_percent__hover=&#8221;80%&#8221; custom_width_percent__hover_enabled=&#8221;80%&#8221; locked=&#8221;off&#8221; global_colors_info=&#8221;{}&#8221; parallax_1__hover=&#8221;off&#8221; parallax_1__hover_enabled=&#8221;off&#8221; parallax_2__hover=&#8221;off&#8221; parallax_2__hover_enabled=&#8221;off&#8221; parallax_3__hover=&#8221;off&#8221; parallax_3__hover_enabled=&#8221;off&#8221; parallax_method_1__hover=&#8221;on&#8221; parallax_method_1__hover_enabled=&#8221;on&#8221; parallax_method_2__hover=&#8221;on&#8221; parallax_method_2__hover_enabled=&#8221;on&#8221; parallax_method_3__hover=&#8221;on&#8221; parallax_method_3__hover_enabled=&#8221;on&#8221; use_background_color_gradient__hover=&#8221;off&#8221; use_background_color_gradient__hover_enabled=&#8221;off&#8221; background_color_gradient_start__hover=&#8221;#2b87da&#8221; background_color_gradient_start__hover_enabled=&#8221;#2b87da&#8221; background_color_gradient_end__hover=&#8221;#29c4a9&#8243; background_color_gradient_end__hover_enabled=&#8221;#29c4a9&#8243; background_color_gradient_type__hover=&#8221;linear&#8221; background_color_gradient_type__hover_enabled=&#8221;linear&#8221; background_color_gradient_direction__hover=&#8221;180deg&#8221; background_color_gradient_direction__hover_enabled=&#8221;180deg&#8221; background_color_gradient_direction_radial__hover=&#8221;center&#8221; background_color_gradient_direction_radial__hover_enabled=&#8221;center&#8221; background_color_gradient_start_position__hover=&#8221;0%&#8221; background_color_gradient_start_position__hover_enabled=&#8221;0%&#8221; background_color_gradient_end_position__hover=&#8221;100%&#8221; background_color_gradient_end_position__hover_enabled=&#8221;100%&#8221; background_color_gradient_overlays_image__hover=&#8221;off&#8221; background_color_gradient_overlays_image__hover_enabled=&#8221;off&#8221; parallax__hover=&#8221;off&#8221; parallax__hover_enabled=&#8221;off&#8221; parallax_method__hover=&#8221;on&#8221; parallax_method__hover_enabled=&#8221;on&#8221; background_size__hover=&#8221;cover&#8221; background_size__hover_enabled=&#8221;cover&#8221; background_position__hover=&#8221;center&#8221; background_position__hover_enabled=&#8221;center&#8221; background_repeat__hover=&#8221;no-repeat&#8221; background_repeat__hover_enabled=&#8221;no-repeat&#8221; background_blend__hover=&#8221;normal&#8221; background_blend__hover_enabled=&#8221;normal&#8221; allow_player_pause__hover=&#8221;off&#8221; allow_player_pause__hover_enabled=&#8221;off&#8221; background_video_pause_outside_viewport__hover=&#8221;on&#8221; background_video_pause_outside_viewport__hover_enabled=&#8221;on&#8221; inner_shadow__hover=&#8221;off&#8221; inner_shadow__hover_enabled=&#8221;off&#8221; make_fullwidth__hover=&#8221;off&#8221; make_fullwidth__hover_enabled=&#8221;off&#8221; use_custom_width__hover=&#8221;off&#8221; use_custom_width__hover_enabled=&#8221;off&#8221; width_unit__hover=&#8221;on&#8221; width_unit__hover_enabled=&#8221;on&#8221; make_equal__hover=&#8221;off&#8221; make_equal__hover_enabled=&#8221;off&#8221; use_custom_gutter__hover=&#8221;off&#8221; use_custom_gutter__hover_enabled=&#8221;off&#8221; gutter_width__hover=&#8221;3&#8243; gutter_width__hover_enabled=&#8221;3&#8243; border_radii__hover=&#8221;on||||&#8221; border_radii__hover_enabled=&#8221;on||||&#8221; box_shadow_style__hover=&#8221;none&#8221; box_shadow_style__hover_enabled=&#8221;none&#8221; box_shadow_color__hover=&#8221;rgba(0,0,0,0.3)&#8221; box_shadow_color__hover_enabled=&#8221;rgba(0,0,0,0.3)&#8221; max_width__hover=&#8221;100%&#8221; max_width__hover_enabled=&#8221;100%&#8221; filter_hue_rotate__hover=&#8221;0deg&#8221; filter_hue_rotate__hover_enabled=&#8221;0deg&#8221; filter_saturate__hover=&#8221;100%&#8221; filter_saturate__hover_enabled=&#8221;100%&#8221; filter_brightness__hover=&#8221;100%&#8221; filter_brightness__hover_enabled=&#8221;100%&#8221; filter_contrast__hover=&#8221;100%&#8221; filter_contrast__hover_enabled=&#8221;100%&#8221; filter_invert__hover=&#8221;0%&#8221; filter_invert__hover_enabled=&#8221;0%&#8221; filter_sepia__hover=&#8221;0%&#8221; filter_sepia__hover_enabled=&#8221;0%&#8221; filter_opacity__hover=&#8221;100%&#8221; filter_opacity__hover_enabled=&#8221;100%&#8221; filter_blur__hover=&#8221;0px&#8221; filter_blur__hover_enabled=&#8221;0px&#8221; mix_blend_mode__hover=&#8221;normal&#8221; mix_blend_mode__hover_enabled=&#8221;normal&#8221; animation_style__hover=&#8221;none&#8221; animation_style__hover_enabled=&#8221;none&#8221; animation_repeat__hover=&#8221;once&#8221; animation_repeat__hover_enabled=&#8221;once&#8221; animation_direction__hover=&#8221;center&#8221; animation_direction__hover_enabled=&#8221;center&#8221; animation_duration__hover=&#8221;1000ms&#8221; animation_duration__hover_enabled=&#8221;1000ms&#8221; animation_delay__hover=&#8221;0ms&#8221; animation_delay__hover_enabled=&#8221;0ms&#8221; animation_intensity_slide__hover=&#8221;50%&#8221; animation_intensity_slide__hover_enabled=&#8221;50%&#8221; animation_intensity_zoom__hover=&#8221;50%&#8221; animation_intensity_zoom__hover_enabled=&#8221;50%&#8221; animation_intensity_flip__hover=&#8221;50%&#8221; animation_intensity_flip__hover_enabled=&#8221;50%&#8221; animation_intensity_fold__hover=&#8221;50%&#8221; animation_intensity_fold__hover_enabled=&#8221;50%&#8221; animation_intensity_roll__hover=&#8221;50%&#8221; animation_intensity_roll__hover_enabled=&#8221;50%&#8221; animation_starting_opacity__hover=&#8221;0%&#8221; animation_starting_opacity__hover_enabled=&#8221;0%&#8221; animation_speed_curve__hover=&#8221;ease-in-out&#8221; animation_speed_curve__hover_enabled=&#8221;ease-in-out&#8221; hover_transition_duration__hover=&#8221;300ms&#8221; hover_transition_duration__hover_enabled=&#8221;300ms&#8221; hover_transition_delay__hover=&#8221;0ms&#8221; hover_transition_delay__hover_enabled=&#8221;0ms&#8221; hover_transition_speed_curve__hover=&#8221;ease&#8221; hover_transition_speed_curve__hover_enabled=&#8221;ease&#8221;][et_pb_row _builder_version=&#8221;3.25&#8243; locked=&#8221;off&#8221; global_colors_info=&#8221;{}&#8221;][et_pb_column type=&#8221;4_4&#8243; saved_specialty_column_type=&#8221;1_2&#8243; _builder_version=&#8221;3.25&#8243; custom_padding=&#8221;|||&#8221; global_colors_info=&#8221;{}&#8221; parallax__hover=&#8221;off&#8221; parallax_method__hover=&#8221;on&#8221; custom_padding__hover=&#8221;|||&#8221;][et_pb_divider color=&#8221;#1ca5ff&#8221; divider_weight=&#8221;16px&#8221; _builder_version=&#8221;3.19.6&#8243; max_width=&#8221;48px&#8221; global_colors_info=&#8221;{}&#8221;][\/et_pb_divider][et_pb_text _builder_version=&#8221;3.27.4&#8243; text_font=&#8221;||||||||&#8221; text_line_height=&#8221;2em&#8221; header_font=&#8221;Poppins|600|||||||&#8221; header_font_size=&#8221;50px&#8221; header_line_height=&#8221;1.3em&#8221; hover_enabled=&#8221;0&#8243; header_font_size_tablet=&#8221;30px&#8221; header_font_size_phone=&#8221;24px&#8221; header_font_size_last_edited=&#8221;on|desktop&#8221; global_colors_info=&#8221;{}&#8221; sticky_enabled=&#8221;0&#8243;]<\/p>\n<h1>Informazioni legali<\/h1>\n<p>&nbsp;<\/p>\n<p>[\/et_pb_text][\/et_pb_column][\/et_pb_row][\/et_pb_section][et_pb_section fb_built=&#8221;1&#8243; admin_label=&#8221;About&#8221; _builder_version=&#8221;4.14.8&#8243; background_color=&#8221;RGBA(255,255,255,0)&#8221; min_height=&#8221;688.4px&#8221; global_colors_info=&#8221;{}&#8221;][et_pb_row _builder_version=&#8221;4.14.8&#8243; min_height=&#8221;650.4px&#8221; custom_padding=&#8221;38px|0px|0px|0px|false|false&#8221; global_colors_info=&#8221;{}&#8221;][et_pb_column type=&#8221;4_4&#8243; _builder_version=&#8221;3.25&#8243; custom_padding=&#8221;|||&#8221; global_colors_info=&#8221;{}&#8221; custom_padding__hover=&#8221;|||&#8221;][et_pb_text _builder_version=&#8221;4.14.8&#8243; text_font=&#8221;||||||||&#8221; text_text_color=&#8221;#FFFFFF&#8221; text_line_height=&#8221;2em&#8221; header_font=&#8221;Poppins|600|||||||&#8221; header_font_size=&#8221;40px&#8221; header_line_height=&#8221;1.3em&#8221; header_2_font=&#8221;Poppins|600|||||||&#8221; header_2_text_color=&#8221;#FFFFFF&#8221; header_2_font_size=&#8221;32px&#8221; header_2_line_height=&#8221;1.6em&#8221; max_width=&#8221;1000px&#8221; hover_enabled=&#8221;0&#8243; header_2_font_size_tablet=&#8221;24px&#8221; header_2_font_size_phone=&#8221;18px&#8221; header_2_font_size_last_edited=&#8221;on|phone&#8221; locked=&#8221;off&#8221; global_colors_info=&#8221;{}&#8221; sticky_enabled=&#8221;0&#8243;]<\/p>\n\n<div class=\"fusion-text\">\n<h2 data-fontsize=\"18\" data-lineheight=\"24\">\u00c9diteur du site<\/h2>\n<strong>ARMONIE<\/strong>\nAdresse du si\u00e8ge\u00a012 rue de la Tombe-Issoire 75014 Paris\nForme juridique Soci\u00e9t\u00e9 par actions simplifi\u00e9e au\u00a0<u><\/u>Capital social de 123 780,00 EUROS<u><\/u><u><\/u>\n<p class=\"m_-7803383185871851712gmail-m2155265958013427575msolistparagraph\"><b><i>Attivit\u00e0 principali<\/i><\/b><i>  Acquistare, vendere, commercializzare, distribuire, importare ed esportare computer (nuovi o usati), software e qualsiasi accessorio direttamente o indirettamente legato all&#8217;informatica. Formazione sulle tecniche informatiche. Servizi intellettuali e ingegneria informatica, consulenza<\/i>.<\/p>\nNum\u00e9ro individuel d\u2019identification fiscale \/ TVA intracommunautaire : FR35528491251\n\n\u00a0\n\n<\/div>\n<div class=\"fusion-separator fusion-full-width-sep sep-none\"><\/div>\n<div class=\"fusion-text\">\n<h2 data-fontsize=\"18\" data-lineheight=\"24\">Conception du site<\/h2>\n<a href=\"https:\/\/www.reachout.fr\/\">ReachOut Communication<\/a>\n33 bd Aim\u00e9 Boissy\n13004 Marseille\n\nT\u00e9l : +33 6 70 44 05 91\nSite web :\u00a0<a href=\"https:\/\/www.reachout.fr\">www.reachout.fr<\/a>\n<br\/><h2>1. Conditions d\u2019utilisation<\/h2>\n\n<\/div>\n<div class=\"fusion-text\">\n\nLe site accessible par les url suivants : www.armonie.group\u00a0 est exploit\u00e9 dans le respect de la l\u00e9gislation fran\u00e7aise. L\u2019utilisation de ce site est r\u00e9gie par les pr\u00e9sentes conditions g\u00e9n\u00e9rales. En utilisant le site, vous reconnaissez avoir pris connaissance de ces conditions et les avoir accept\u00e9es. Celles-ci pourront \u00eatre modifi\u00e9es \u00e0 tout moment et sans pr\u00e9avis par ARMONIE.\nARMONIE ne saurait \u00eatre tenu pour responsable en aucune mani\u00e8re d\u2019une mauvaise utilisation du service.\n\n<\/div>\n<h2 data-fontsize=\"18\" data-lineheight=\"24\">2. Responsable \u00e9ditorial &amp; H\u00e9bergeur<\/h2>\nDirecteur de la publication : Guy ROUTIER\n\nH\u00e9bergeur :\nOVH SAS, filiale de la soci\u00e9t\u00e9 OVH Groupe SA, soci\u00e9t\u00e9 immatricul\u00e9e au RCS de Lille sous le num\u00e9ro 537 407 926 sise 2, rue Kellermann, 59100 Roubaix.\n<div class=\"fusion-separator fusion-full-width-sep sep-none\"><\/div>\n<div class=\"fusion-separator fusion-full-width-sep sep-none\"><\/div>\n<div class=\"fusion-text\">\n<h2 data-fontsize=\"18\" data-lineheight=\"24\">3. Limitation de responsabilit\u00e9<\/h2>\nLes informations contenues sur ce site sont aussi pr\u00e9cises que possibles et le site est p\u00e9riodiquement remis \u00e0 jour, mais peut toutefois contenir des inexactitudes, des omissions ou des lacunes. Si vous constatez une lacune, erreur ou ce qui parait \u00eatre un dysfonctionnement, merci de bien vouloir le signaler par email en d\u00e9crivant le probl\u00e8me de la mani\u00e8re la plus pr\u00e9cise possible (page posant probl\u00e8me, action d\u00e9clenchante, type d\u2019ordinateur et de navigateur utilis\u00e9, \u2026).\n\nTout contenu t\u00e9l\u00e9charg\u00e9 se fait aux risques et p\u00e9rils de l\u2019utilisateur et sous sa seule responsabilit\u00e9. En cons\u00e9quence, ARMONIE<b>\u00a0<\/b>ne saurait \u00eatre tenu responsable d\u2019un quelconque dommage subi par l\u2019ordinateur de l\u2019utilisateur ou d\u2019une quelconque perte de donn\u00e9es cons\u00e9cutives au t\u00e9l\u00e9chargement.\n\nLes photos sont non contractuelles.\n\nLes liens hypertextes mis en place dans le cadre du pr\u00e9sent site internet en direction d\u2019autres ressources pr\u00e9sentes sur le r\u00e9seau Internet ne sauraient engager la responsabilit\u00e9 de ARMONIE.\n\n<\/div>\n<div class=\"fusion-sep-clear\"><\/div>\n<div class=\"fusion-separator fusion-full-width-sep sep-none\"><\/div>\n<div class=\"fusion-text\">\n<h2>4. Donn\u00e9es personnelles<\/h2>\nEn application de cette loi, les internautes disposent d\u2019un droit d\u2019acc\u00e8s, de rectification, de modification et de suppression concernant les donn\u00e9es qui les concernent personnellement. Consultez\u00a0<a href=\"https:\/\/www.performhans.com\/politique-de-confidentialite\/\">notre politique de confidentialit\u00e9<\/a>\u00a0pour conna\u00eetre la d\u00e9marche \u00e0 suivre.\n\n<\/div>\n<h2>5. Informations et exclusion<\/h2>\nPERFORM\u2019HANS met en oeuvre tous les moyens dont elle dispose, pour assurer une information fiable et une mise \u00e0 jour fiable de ses sites internet. Toutefois, des erreurs ou omissions peuvent survenir. L\u2019internaute devra donc s\u2019assurer de l\u2019exactitude des informations aupr\u00e8s de ARMONIE, et signaler toutes modifications du site qu\u2019il jugerait utile. ARMONIE n\u2019est en aucun cas responsable de l\u2019utilisation faite de ces informations, et de tout pr\u00e9judice direct ou indirect pouvant en d\u00e9couler.\n<h2>6. Cookies<\/h2>\n<h4 data-fontsize=\"16\" data-lineheight=\"26\">6.1. Informations sur les cookies<\/h4>\nPour des besoins de statistiques et d\u2019affichage, le pr\u00e9sent site utilise des cookies. Il s\u2019agit de petits fichiers textes stock\u00e9s sur votre disque dur afin d\u2019enregistrer des donn\u00e9es techniques sur votre navigation. Certaines parties de ce site ne peuvent \u00eatre fonctionnelle sans l\u2019acceptation de cookies.\n<h4 data-fontsize=\"16\" data-lineheight=\"26\">6.2. Finalit\u00e9 des cookies utilis\u00e9s<\/h4>\nNous utilisons des cookies de la part des services suivants : Google Analytics, Smartlook, Mautic. Les donn\u00e9es et statistiques que nous collectons au moyen de ces cookies sont utilis\u00e9es\u00a0<strong>dans le seul et unique but d\u2019am\u00e9liorer la qualit\u00e9 de nos services<\/strong>.\n<ul><li>Google Analytics : est utilis\u00e9 de fa\u00e7on anonyme afin d\u2019am\u00e9liorer l\u2019exp\u00e9rience utilisateur sur notre site web et vous offrir une navigation intuitive.<\/li>\n<\/ul><h4 data-fontsize=\"16\" data-lineheight=\"26\">6.3. Vos choix concernant les cookies<\/h4>\nVous pouvez faire le choix \u00e0 tout moment d\u2019exprimer et de modifier vos souhaits en mati\u00e8re de cookies, par les moyens d\u00e9crits ci-dessous.\nVous pouvez configurer votre logiciel de navigation de mani\u00e8re \u00e0 ce que des cookies soient enregistr\u00e9s dans votre terminal ou, au contraire, qu\u2019ils soient rejet\u00e9s, soit syst\u00e9matiquement, soit selon leur \u00e9metteur. Vous pouvez \u00e9galement configurer votre logiciel de navigation de mani\u00e8re \u00e0 ce que l\u2019acceptation ou le refus des cookies vous soient propos\u00e9s ponctuellement, avant qu\u2019un cookie soit susceptible d\u2019\u00eatre enregistr\u00e9 dans votre terminal. Pour plus d\u2019informations, consultez la rubrique \u00ab\u00a0Comment exercer vos choix, selon le navigateur que vous utilisez ?\u00a0\u00bb\n<h5 data-fontsize=\"12\" data-lineheight=\"21\">6.3.1. Acceptation des cookies<\/h5>\nL\u2019enregistrement d\u2019un cookie dans un terminal est subordonn\u00e9 \u00e0 la volont\u00e9 de son utilisateur, exprim\u00e9e et modifi\u00e9e \u00e0 tout moment gratuitement \u00e0 travers les choix propos\u00e9s par son logiciel de navigation. Si vous avez accept\u00e9 dans votre logiciel de navigation l\u2019enregistrement de cookies dans votre terminal, les cookies int\u00e9gr\u00e9s dans les pages et contenus que vous avez consult\u00e9s pourront \u00eatre stock\u00e9s temporairement dans un espace d\u00e9di\u00e9 de votre terminal. Ils y seront lisibles uniquement par leur \u00e9metteur.\n<h5 data-fontsize=\"12\" data-lineheight=\"21\">6.3.2. Refus des cookies<\/h5>\nSi vous refusez l\u2019enregistrement de cookies dans votre terminal, ou si vous supprimez ceux qui y sont enregistr\u00e9s, vous pourrez \u00e9ventuellement ne plus b\u00e9n\u00e9ficier d\u2019un certain nombre de fonctionnalit\u00e9s. Tel serait \u00e9galement le cas lorsque nous -ou nos prestataires- ne pourrions pas reconna\u00eetre, \u00e0 des fins de compatibilit\u00e9 technique, le type de navigateur utilis\u00e9 par votre terminal, ses param\u00e8tres de langue et d\u2019affichage ou le pays depuis lequel votre terminal semble connect\u00e9 \u00e0 Internet. Le cas \u00e9ch\u00e9ant, nous d\u00e9clinons toute responsabilit\u00e9 pour les cons\u00e9quences li\u00e9es au fonctionnement d\u00e9grad\u00e9 de nos services r\u00e9sultant de l\u2019impossibilit\u00e9 d\u2019enregistrer ou de consulter les cookies n\u00e9cessaires \u00e0 leur fonctionnement et que vous auriez refus\u00e9s ou supprim\u00e9s.\n<h5 data-fontsize=\"12\" data-lineheight=\"21\">6.3.3. Comment exercer vos choix selon le navigateur que vous utilisez ?<\/h5>\nPour la gestion des cookies et de vos choix, la configuration de chaque navigateur est diff\u00e9rente. Elle est d\u00e9crite dans le menu d\u2019aide de votre navigateur, qui vous permettra de savoir de quelle mani\u00e8re modifier vos souhaits en mati\u00e8re de cookies.\n\nNous vous invitons \u00e0 cliquer sur le nom de votre navigateur pour acc\u00e9der au menu d\u2019aide correspondant\u00a0:\n<ul><li>Pour\u00a0<a class=\"dotted\" href=\"http:\/\/windows.microsoft.com\/fr-fr\/windows-vista\/block-or-allow-cookies\" target=\"_blank\" rel=\"noopener noreferrer\">Internet Explorer\u2122<\/a><\/li>\n\t<li>Pour\u00a0<a class=\"dotted\" href=\"http:\/\/support.apple.com\/kb\/ht1677?viewlocale=fr_fr\" target=\"_blank\" rel=\"noopener noreferrer\">Safari\u2122<\/a><\/li>\n\t<li>Pour\u00a0<a class=\"dotted\" href=\"http:\/\/support.google.com\/chrome\/bin\/answer.py?hl=fr&amp;hlrm=en&amp;answer=95647\" target=\"_blank\" rel=\"noopener noreferrer\">Chrome\u2122<\/a><\/li>\n\t<li>Pour\u00a0<a class=\"dotted\" href=\"https:\/\/support.mozilla.org\/fr\/kb\/activer-desactiver-cookies-preferences\" target=\"_blank\" rel=\"noopener noreferrer\">Firefox\u2122<\/a><\/li>\n\t<li>Pour\u00a0<a class=\"dotted\" href=\"http:\/\/help.opera.com\/Windows\/10.20\/fr\/cookies.html\" target=\"_blank\" rel=\"noopener noreferrer\">Opera\u2122<\/a><\/li>\n<\/ul>\nVous pouvez \u00e9galement param\u00e9trer votre navigateur afin que celui-ci envoie un code indiquant aux sites Web que vous ne souhaitez pas \u00eatre suivis. (option \u00ab Do No Track \u00bb).\n\nNous vous invitons \u00e0 cliquer sur le nom de votre navigateur pour acc\u00e9der au menu d\u2019aide correspondant\u00a0:\n<ul><li><a class=\"dotted\" href=\"https:\/\/support.microsoft.com\/fr-fr\/help\/17288\/windows-internet-explorer-11-use-do-not-track\" target=\"_blank\" rel=\"noopener noreferrer\">Internet Explorer\u2122<\/a>\u00a0;<\/li>\n\t<li><a class=\"dotted\" href=\"https:\/\/support.apple.com\/kb\/PH21416?locale=fr_FR\" target=\"_blank\" rel=\"noopener noreferrer\">Safari\u2122<\/a>\u00a0;<\/li>\n\t<li><a class=\"dotted\" href=\"https:\/\/support.google.com\/chrome\/answer\/114836?\" target=\"_blank\" rel=\"noopener noreferrer\">Chrome\u2122<\/a>\u00a0;<\/li>\n\t<li><a class=\"dotted\" href=\"https:\/\/support.mozilla.org\/fr\/kb\/comment-activer-option-ne-pas-pister\" target=\"_blank\" rel=\"noopener noreferrer\">Firefox\u2122<\/a>\u00a0;<\/li>\n\t<li><a class=\"dotted\" href=\"http:\/\/help.opera.com\/Windows\/12.10\/en\/notrack.html\" target=\"_blank\" rel=\"noopener noreferrer\">Opera\u2122<\/a>.<\/li>\n<\/ul><div class=\"fusion-text\">\n<h2>7. Propri\u00e9t\u00e9 intellectuelle<\/h2>\nL\u2019ensemble du contenu pr\u00e9sent sur le site est prot\u00e9g\u00e9 par les droits de propri\u00e9t\u00e9 intellectuelle et notamment par le droit d\u2019auteur dans le monde entier et pour la dur\u00e9e des droits telle qu\u2019elle r\u00e9sulte des dispositions l\u00e9gales existantes et\/ou des prolongations \u00e0 intervenir. Toute reproduction, repr\u00e9sentation, adaptation, modification et\/ou utilisation hors de la sph\u00e8re priv\u00e9e est strictement interdit.\n\n<\/div>\n&lt;br\n<div class=\"fusion-text\">\n<h2>8. Contactez-nous<\/h2>\n<strong>ARMONIE <\/strong>est \u00e0 votre disposition pour tous vos commentaires ou suggestions. Vous pouvez nous \u00e9crire en fran\u00e7ais par courrier \u00e9lectronique \u00e0 : contact[at]armonie.group\n\n<\/div>\n<p>[\/et_pb_text][\/et_pb_column][\/et_pb_row][\/et_pb_section]<\/p>\n","protected":false},"excerpt":{"rendered":"<p>Informazioni legali &nbsp; \u00c9diteur du site ARMONIE Adresse du si\u00e8ge\u00a012 rue de la Tombe-Issoire 75014 Paris Forme juridique Soci\u00e9t\u00e9 par actions simplifi\u00e9e au\u00a0Capital social de 123 780,00 EUROS Attivit\u00e0 principali Acquistare, vendere, commercializzare, distribuire, importare ed esportare computer (nuovi o usati), software e qualsiasi accessorio direttamente o indirettamente legato all&#8217;informatica. Formazione sulle tecniche informatiche. Servizi [&hellip;]<\/p>\n","protected":false},"author":1,"featured_media":0,"parent":0,"menu_order":0,"comment_status":"closed","ping_status":"open","template":"","meta":{"_seopress_robots_primary_cat":"","_seopress_titles_title":"","_seopress_titles_desc":"","_seopress_robots_index":"","_et_pb_use_builder":"on","_et_pb_old_content":"","_et_gb_content_width":"","footnotes":""},"class_list":["post-2029","page","type-page","status-publish","hentry"],"_links":{"self":[{"href":"https:\/\/www.armonie.group\/it\/wp-json\/wp\/v2\/pages\/2029","targetHints":{"allow":["GET"]}}],"collection":[{"href":"https:\/\/www.armonie.group\/it\/wp-json\/wp\/v2\/pages"}],"about":[{"href":"https:\/\/www.armonie.group\/it\/wp-json\/wp\/v2\/types\/page"}],"author":[{"embeddable":true,"href":"https:\/\/www.armonie.group\/it\/wp-json\/wp\/v2\/users\/1"}],"replies":[{"embeddable":true,"href":"https:\/\/www.armonie.group\/it\/wp-json\/wp\/v2\/comments?post=2029"}],"version-history":[{"count":1,"href":"https:\/\/www.armonie.group\/it\/wp-json\/wp\/v2\/pages\/2029\/revisions"}],"predecessor-version":[{"id":2031,"href":"https:\/\/www.armonie.group\/it\/wp-json\/wp\/v2\/pages\/2029\/revisions\/2031"}],"wp:attachment":[{"href":"https:\/\/www.armonie.group\/it\/wp-json\/wp\/v2\/media?parent=2029"}],"curies":[{"name":"wp","href":"https:\/\/api.w.org\/{rel}","templated":true}]}}